{"id":28,"date":"2011-07-14T19:53:46","date_gmt":"2011-07-14T19:53:46","guid":{"rendered":"https:\/\/compicom.cologne\/?page_id=28"},"modified":"2022-04-25T17:12:24","modified_gmt":"2022-04-25T16:12:24","slug":"our-services-3","status":"publish","type":"page","link":"https:\/\/compicom.cologne\/?page_id=28","title":{"rendered":"Sicherheitstechnik"},"content":{"rendered":"<h2 style=\"text-align: center;\"><span style=\"color: #0000ff;\"><strong>Sicherheitssysteme der Firma CompiCom sind anders &#8211; Denn wir sind anders!<\/strong><\/span><\/h2>\n<p><strong>In diesem Land gibt es nur noch 5 Arten von Menschen:<\/strong><\/p>\n<ol>\n<li>\u00a0Bei Ihnen wurde schon eingebrochen<\/li>\n<li>\u00a0Bei Ihnen wird noch eingebrochen<\/li>\n<li>\u00a0Bei Ihnen wurde schon wieder eingebrochen<\/li>\n<li>\u00a0Sie sind nicht arm und wohnen in einem Viertel mit privatem Sicherheitsdienst<\/li>\n<li>\u00a0Sie geh\u00f6ren zu den Menschen, die uns immer erz\u00e4hlen, dass dieses Land absolut sicher ist und dass es \u00fcberhaupt keine Kriminalit\u00e4t in Deutschland gibt. Denn genau diese Menschen wohnen sch\u00f6n besch\u00fctzt, weit weg von der Basis und haben alle Alarmsysteme und private Sicherheitskr\u00e4fte.<\/li>\n<\/ol>\n<hr \/>\n<p>Bei einer Aufkl\u00e4rungsrate von unter 4% und einer hohen Beteiligung von schlecht deutsch sprechenden Menschen bei solchen Delikten, ist privater Schutz so wichtig wie noch nie geworden. Glauben Sie bitte nicht den sch\u00f6n geschriebenen Statistiken, sondern gehen Sie raus und reden einfach einmal mit anderen Menschen!<\/p>\n<p><strong>Und glaube nie einer Statistik die man nicht selbst gef\u00e4lscht hat. In der IT und in einem kleinen Dorf bekommt man ja mit wenn irgend wo im Umkreis eingebrochen wird und wenn man dies nun hochrechnet&#8230;da fragt man sich wie hier die Zahlen gesch\u00f6nt werden.<br \/>\nUnd da soll man wirklich noch daran glauben, dass es einen selber nie treffen wird? Eine nicht aufgekl\u00e4rte Straftat hat es in Deutschland auch nicht gegeben und schafft es meist erst gar nicht in eine Statistik. In den Statistiken des BKA ab 2016 wurde vieles nicht erfasst und trotzdem sehen diese Statistiken erschreckend aus.<br \/>\nUnd laut Medien gehen Einbr\u00fcche stark zur\u00fcck, aber seltsam ist schon dass z.B. die Berliner Polizei die Meldung heraus gebracht hat, dass Raub\/Taschendiebstahl\/Einbruch nicht mehr verfolgt wird, da sie extrem \u00fcberlastet sind und das Versicherungen aufgrund der vielen Einbr\u00fcche die Pr\u00e4mien angehoben haben!<br \/>\nAlleine bei uns im kleinen Dorf wird an einem Samstag mal eben in 6 H\u00e4usern eingebrochen und die Polizei erkl\u00e4rt den Opfern dann noch, dass dies ja echt eine Seltenheit ist. K\u00f6rperliche Sch\u00e4den sind dabei keine Seltenheit mehr!<br \/>\n<\/strong><\/p>\n<p><strong>April 2016:<\/strong><br \/>\n<strong>Pl\u00f6tzlich diskutieren f\u00fcr kurze Zeit sogar die Medien und die politische F\u00fchrung \u00fcber einen finanziellen Anreiz zur privaten Absicherung des Eigentums! Warum wohl? H\u00e4ngt dies vielleicht mit den Mitteilungen der Versicherungen zusammen, dass diese Milliarden f\u00fcr die Behebung von Sch\u00e4den durch Einbr\u00fcche aufwenden m\u00fcssen und nun Druck auf die Politik aus\u00fcben? Ob man bei uns einbricht und wir vielleicht dabei sogar zu Schaden kommen ist unserer politischen F\u00fchrung doch ziemlich egal, aber wenn Versicherungen\/Banken\/Autoindustrie\/GlobalPlayer &#8230; etwas sagen dann springen unsere Politiker, denn schlie\u00dflich sitzen viele von denen in deren Aufsichtsr\u00e4ten! Aber solche Meldungen verschwanden sehr schnell wieder aus den Medien, denn man kam zu der \u00dcberzeugung, dass man das dumme Volk weiter bl\u00f6d halten muss und je weniger Negatives das Volk erf\u00e4hrt umso weniger macht es sich sorgen und stellt bl\u00f6de Fragen. <\/strong><\/p>\n<p><strong>2018:<br \/>\nSeltsam ist nur die Tatsache dass die Versicherer die Pr\u00e4mien wegen der vielen Einbr\u00fcche erh\u00f6ht haben und dass in der heutigen Zeit die Prospekte voll mit Sicherheitstechnik sind! Wissen die gro\u00dfen Firmen mehr?<br \/>\nAu\u00dferdem soll ja auch das WEG Gesetz ge\u00e4ndert werden damit Mieter ohne Zustimmung des Vermoeters Alarmanlagen in ihre Wohnung einbauen d\u00fcrfen? Aber laut Herrn Sehhofer ist Deutschalnd 2018 ja so sicher wie nie zuvor!<br \/>\n<\/strong><\/p>\n<hr \/>\n<p>Auch die Zeit der Einbr\u00fcche, bei denen keiner zu Hause war, ist langsam vorbei, denn die heutigen Einbrecher haben auch kein Problem mehr damit wenn jemand zu Hause ist. Im Gegenteil! Warum lange suchen und doch nichts finden, wenn Sie es einem direkt pers\u00f6nlich \u00fcberreichen k\u00f6nnen. In der heutigen Zeit wollen die Einbrecher an den Schmuck und das Geld welches wir t\u00e4glich bei uns tragen und glauben Sie mir bitte, die werden Sie nicht h\u00f6flich danach fragen um diesen zu bekommen!<br \/>\nHeute hei\u00dft sich zu sichern, zu 70% seine Gesundheit abzusichern und weniger seine Besitzt\u00fcmer. Deshalb hilft das antiquierte Denken, dass bei einem selbst ja eh nichts zu holen ist, auch nicht gerade viel.<\/p>\n<p><strong><em>Und eine &#8222;Geiz ist geil&#8220; Einstellung hat in diesem Bereich nun wirklich nichts zu suchen! Kameras, Sensoren und Alarmzentralen f\u00fcr nur sehr wenig Geld bieten auch nur einen ganz kleinen fast nicht existenten Schutz!! Es sei denn, die Einbrecher lachen sich vor Ihrer T\u00fcr tot. Bei den &#8222;geiz ist geil&#8220; Kameras beobachtet der Einbrecher eher Sie als sie ihn!!<\/em><\/strong><\/p>\n<hr \/>\n<p>Oft sehen wir, dass Menschen dem Wahn verfallen sind, dass eine Attrappe vor dem Haus Einbrecher abschreckt und jeder geistig extrem eingeschr\u00e4nkte Mensch sieht schon von au\u00dfen dass es sich um Attrappen handelt. Einbrecher sind zwar nicht die hellsten Kerzen am Leuchter, aber diese sind auch nicht ganz so dumm wie einige in unserem Land denken!<\/p>\n<ol>\n<li>\u00a0Sch\u00f6nes Haus, Auto ab 50.000 vor dem Haus aber an der Hauswand eine Attrappe f\u00fcr 15 Euro? So handeln und denken Opfer denen Statussymbole extrem mehr wert sind als das Leben und die Gesundheit der eigenen Familie<\/li>\n<li>\u00a0Oft werden wir gefragt, ob eine gute Absicherung einen nicht erst interessant f\u00fcr Einbrecher macht? Unsere Antwort ist oft: Sehen sie nun bitte einmal aus dem Fenster und meinen sie nicht dass ein teures Auto und ein sch\u00f6nes Haus als Indikatoren f\u00fcr &#8222;hier ist etwas zu holen&#8220; viel aussagekr\u00e4ftiger sind?<\/li>\n<li>Die Dunkelheit ist der Verb\u00fcndete der Einbrecher!! Eine Beleuchtung rund um das Haus ist in der heutigen Zeit sehr wichtig und bei der heutigen LED Technik auch nicht teuer. Sie k\u00f6nnen ja beim n\u00e4chsten Autokauf auf den Aschenbecher im Kofferraum verzichten und daf\u00fcr in den n\u00e4chsten 300 Jahren nachts die Beleuchtung rund ums Haus an lassen!<\/li>\n<li>Normale Einbruchsmeldeanlagen? Ja diese sind heute immer noch auf dem gleichen Stand wie schon vor 30 Jahren!!<\/li>\n<\/ol>\n<hr \/>\n<p>Oft kommen wir zu Kunden, welche schon Angebote f\u00fcr solche Anlagen vorliegen haben und laut dieser Firmen ist alles super einfach zu installieren. Am Eingang ein Feld zur Codeeingabe, in einem Nebenraum, oder Keller die Zentrale welche ja &#8222;nur&#8220; Strom braucht und die passenden Sensoren. Versendung von Alarmen \u00fcber eine Mobilfunkkarte!<br \/>\nSo weit, so gut! Analysieren wir solch eine Anlage doch nun einmal:<\/p>\n<ol>\n<li>Man hat ca. 20 Sec Zeit zum deaktivieren der Anlage wenn man das Haus betreten hat! Richtig? NEIN nicht nur Sie, sondern auch die Einbrecher haben 20 Sekunden Zeit die Zentrale zu finden und diese zu deaktivieren!<\/li>\n<li>Die Programmierung der Alarmbehandlung ist fest &#8211; Alarm wird ausgel\u00f6st und eine Aktion (Ruf einer Zentrale oder einer Person \/ Signalisierung) wird ausgel\u00f6st. Also absolut begrenzt in den M\u00f6glichkeiten.<\/li>\n<li>Diverse Alarmzonen wie &#8222;Garten \/ Keller \/ Erdgeschoss \/ Garage \/ nur Bewegungsmelder \/ nur Fenster- und T\u00fcrsensoren&#8220; u.s.w. sind nicht realisierbar und wenn, dann wird es extrem teuer!<\/li>\n<li>Auch unterschiedliche Behandlungen diverser Alarme sind nicht m\u00f6glich; wie z.B. &#8222;Bewegung bei aktivem Alarm im Garten l\u00f6st eine SMS auf ihr Handy aus, die Gartenbeleuchtung geht an und die elektrischen Rolladen im EG werden automatisch geschlossen!<\/li>\n<li>Da Einbrecher ja nicht ganz so dumm sind wie viele denken, haben diese in der heutigen Zeit oft sogenannte &#8222;Mobilfunkblocker&#8220; dabei, welche in einem Umkreis von bis zu 60 m alles im Bereich UMTS\/LTE\/GPS\/ &#8230;\u00a0 blockieren. Und jetzt erkl\u00e4ren Sie mir bitte doch einmal wie eine Alarmzentrale mit Mobilfunkkarte noch Meldungen versenden soll? Oder haben Ihnen die Firmen das etwas verschwiegen?<\/li>\n<\/ol>\n<hr \/>\n<p><strong>Sichere Fenster und T\u00fcren?<\/strong> <strong>Sehr gut, aber dann sollten Sie auch Panzerglas haben!<\/strong> Denn heute werden einfach Scheiben eingeworfen und fertig (Sie glauben nicht wie gut heutige Glasschneider sind)!<br \/>\nOder es klingelt an der T\u00fcr und davor steht eine harmlos aussehende Frau, aber wenn Sie die T\u00fcr \u00f6ffnen ist es schon zu sp\u00e4t!<\/p>\n<h2><strong>Unsere modernen Sicherungsanlagen <\/strong><\/h2>\n<p>Unsere selbst programmierten Sicherheitssysteme erkennen diese kriminellen Menschen schon bevor diese \u00fcberhaupt Ihr Haus betreten. Wir setzen auf Licht in Verbindung mit akustischen und visuellen Meldern, IP-Kameras und Sensoren schon vor dem Haus. Wir geben dem Einbrecher das Gef\u00fchl, dass ein weniger gesichertes Objekt sich viel besser f\u00fcr einen Einbruch eignet.<br \/>\n<strong>Jede Anlage wird von uns individuell programmiert und aufgebaut!<\/strong><br \/>\n<em>Und bitte fragen Sie nun nicht, ob man sich denn damit nicht erst recht f\u00fcr Einbrecher interessant macht, da der ja dann denken muss, dass es bei Ihnen etwas zu sch\u00fctzen, also auch zu holen gibt. Aus dem Alter sollten wir doch alle raus sein!<br \/>\n<\/em><strong>Ein teures Auto vor der T\u00fcr, oder ein sch\u00f6nes Haus ist f\u00fcr die heutigen Einbrecher ein viel gr\u00f6\u00dferer Indikator ob es etwas zu holen gibt, als eine Sicherungsanlage! Diese schreckt wirklich mehr ab als sie anzieht!<br \/>\n<\/strong><\/p>\n<p><strong>Sicherheit sch\u00fctzt Heute Ihre Gesundheit und die Ihrer Familie!!<\/strong><\/p>\n<p>Und f\u00fcr die noch effizientere Sicherheit empfehlen wir hinter den H\u00e4usern eine zus\u00e4tzliche Sicherheit in der Form wie es im S\u00fcden schon seit Jahrzehnten zum normalen Stra\u00dfenbild geh\u00f6rt. Genau aus diesem Grund arbeiten wir auch mit einem Spezialisten f\u00fcr Metallbau zusammen, denn viele von uns kennen es doch schon seit ewigen Zeiten aus dem S\u00fcden: Absicherung durch vergitterte Fenster und T\u00fcren als verst\u00e4rkter Schutz gegen rohe Gewalt und fehlende staatliche Verfolgung. In der heutigen Zeit muss so etwas nicht mehr h\u00e4sslich sein. Pulverbeschichtete Gitter in allen m\u00f6glichen Farben verschmelzen mit dem Haus zu einer Einheit.<\/p>\n<p>Bei der Frage, was besser ist; Sicherheit oder Sch\u00f6nheit, w\u00fcrden wir uns in der heutigen Zeit immer f\u00fcr die Sicherheit entscheiden! Auch das Denken, dass es Sie bis heute nicht getroffen hat, ist &#8222;Hier und Heute&#8220; eher dumm! Wollen Sie wirklich schuld daran sein, dass wegen Geld ein geliebtes Familienmitglied durch skrupellose Einbrecher zu Schaden kommt?<\/p>\n<hr \/>\n<p><strong>Sprechen Sie mit uns und wir beraten Sie gerne!<\/strong><\/p>\n<p><strong>Ablaufbeispiel:<\/strong><\/p>\n<ol>\n<li>Die Einbrecher n\u00e4hern sich bei aktiver Alarmanlage dem Haus<\/li>\n<li>Der erste externe Melder verzeichnet z.B. deren Bewegung<\/li>\n<li>Sofort wird eine Aktion ausgef\u00fchrt (z.B. sofortige Einschaltung der kompletten Au\u00dfenbeleuchtung\/Gartenbeleuchtung\/herunterfahren der elektrischen Rolladen) und versenden einer Mail\/SMS oder eines Anrufes<\/li>\n<li>Die Nennung des Sensors welcher angesprochen hat<\/li>\n<li>Sie und auch die Einbrecher wissen nun, dass sie schon vom System erfasst wurden!<\/li>\n<li>F\u00fcr das nun ablaufende Szenario gibt es keine Grenzen in der Programmierung!!<\/li>\n<li>Sie sehen z.B. auf die Kameras und wenn Sie die Einbrecher sehen, dann aktivieren Sie sofort die externen Melder (Sirene\/Hupe\/Flashlight..) Den Einbrechern vergeht nun bestimmt die Lust \u00fcberhaupt noch bei Ihnen einzubrechen.<\/li>\n<li>Oder Sie sind zu Hause und bet\u00e4tigen den installierten Panik-Schalter um das programmierte Szenario sofort ablaufen zu lassen!<\/li>\n<\/ol>\n","protected":false},"excerpt":{"rendered":"Sicherheitssysteme der Firma CompiCom sind anders &#8211; Denn wir sind anders! In diesem Land gibt es nur noch 5 Arten von Menschen: \u00a0Bei Ihnen wurde schon eingebrochen \u00a0Bei Ihnen wird noch eingebrochen \u00a0Bei Ihnen wurde schon wieder eingebrochen \u00a0Sie sind nicht arm und wohnen in einem Viertel mit privatem Sicherheitsdienst \u00a0Sie geh\u00f6ren zu den Menschen, die uns immer erz\u00e4hlen, dass dieses Land absolut sicher ist und dass es \u00fcberhaupt keine Kriminalit\u00e4t in Deutschland gibt. Denn genau diese Menschen wohnen sch\u00f6n besch\u00fctzt, weit weg von der Basis und haben alle Alarmsysteme und private Sicherheitskr\u00e4fte. Bei einer Aufkl\u00e4rungsrate von unter 4% und einer hohen Beteiligung von schlecht deutsch sprechenden Menschen bei solchen Delikten, ist privater Schutz so wichtig wie noch nie geworden. Glauben Sie bitte nicht den sch\u00f6n geschriebenen Statistiken, sondern gehen Sie raus und reden einfach einmal mit anderen Menschen! Und glaube nie einer Statistik die man nicht selbst gef\u00e4lscht hat. In der IT und in einem kleinen Dorf bekommt man&nbsp;<a href=\"https:\/\/compicom.cologne\/?page_id=28\" class=\"read-more\">Continue Reading<\/a>","protected":false},"author":1,"featured_media":0,"parent":9,"menu_order":2,"comment_status":"open","ping_status":"closed","template":"","meta":{"footnotes":""},"class_list":["post-28","page","type-page","status-publish","hentry"],"yoast_head":"<!-- This site is optimized with the Yoast SEO plugin v14.5 - https:\/\/yoast.com\/wordpress\/plugins\/seo\/ -->\n<meta name=\"robots\" content=\"index, follow\" \/>\n<meta name=\"googlebot\" content=\"index, follow, max-snippet:-1, max-image-preview:large, max-video-preview:-1\" \/>\n<meta name=\"bingbot\" content=\"index, follow, max-snippet:-1, max-image-preview:large, max-video-preview:-1\" \/>\n<link rel=\"canonical\" href=\"https:\/\/compicom.cologne\/?page_id=28\" \/>\n<meta property=\"og:locale\" content=\"de_DE\" \/>\n<meta property=\"og:type\" content=\"article\" \/>\n<meta property=\"og:title\" content=\"Sicherheitstechnik - TK - IT Profis\" \/>\n<meta property=\"og:description\" content=\"Sicherheitssysteme der Firma CompiCom sind anders &#8211; Denn wir sind anders! In diesem Land gibt es nur noch 5 Arten von Menschen: \u00a0Bei Ihnen wurde schon eingebrochen \u00a0Bei Ihnen wird noch eingebrochen \u00a0Bei Ihnen wurde schon wieder eingebrochen \u00a0Sie sind nicht arm und wohnen in einem Viertel mit privatem Sicherheitsdienst \u00a0Sie geh\u00f6ren zu den Menschen, die uns immer erz\u00e4hlen, dass dieses Land absolut sicher ist und dass es \u00fcberhaupt keine Kriminalit\u00e4t in Deutschland gibt. Denn genau diese Menschen wohnen sch\u00f6n besch\u00fctzt, weit weg von der Basis und haben alle Alarmsysteme und private Sicherheitskr\u00e4fte. Bei einer Aufkl\u00e4rungsrate von unter 4% und einer hohen Beteiligung von schlecht deutsch sprechenden Menschen bei solchen Delikten, ist privater Schutz so wichtig wie noch nie geworden. Glauben Sie bitte nicht den sch\u00f6n geschriebenen Statistiken, sondern gehen Sie raus und reden einfach einmal mit anderen Menschen! Und glaube nie einer Statistik die man nicht selbst gef\u00e4lscht hat. In der IT und in einem kleinen Dorf bekommt man&nbsp;Continue Reading\" \/>\n<meta property=\"og:url\" content=\"https:\/\/compicom.cologne\/?page_id=28\" \/>\n<meta property=\"og:site_name\" content=\"TK - IT Profis\" \/>\n<meta property=\"article:modified_time\" content=\"2022-04-25T16:12:24+00:00\" \/>\n<meta name=\"twitter:card\" content=\"summary\" \/>\n<script type=\"application\/ld+json\" class=\"yoast-schema-graph\">{\"@context\":\"https:\/\/schema.org\",\"@graph\":[{\"@type\":\"WebSite\",\"@id\":\"https:\/\/compicom.cologne\/#website\",\"url\":\"https:\/\/compicom.cologne\/\",\"name\":\"TK - IT Profis\",\"description\":\"Telekommunikations-, Informations-, Sicherheits- und moderne Haustechnik aus einer Hand\",\"potentialAction\":[{\"@type\":\"SearchAction\",\"target\":\"https:\/\/compicom.cologne\/?s={search_term_string}\",\"query-input\":\"required name=search_term_string\"}],\"inLanguage\":\"de\"},{\"@type\":\"CollectionPage\",\"@id\":\"https:\/\/compicom.cologne\/?page_id=28#webpage\",\"url\":\"https:\/\/compicom.cologne\/?page_id=28\",\"name\":\"Sicherheitstechnik - TK - IT Profis\",\"isPartOf\":{\"@id\":\"https:\/\/compicom.cologne\/#website\"},\"datePublished\":\"2011-07-14T19:53:46+00:00\",\"dateModified\":\"2022-04-25T16:12:24+00:00\",\"inLanguage\":\"de\"}]}<\/script>\n<!-- \/ Yoast SEO plugin. -->","_links":{"self":[{"href":"https:\/\/compicom.cologne\/index.php?rest_route=\/wp\/v2\/pages\/28","targetHints":{"allow":["GET"]}}],"collection":[{"href":"https:\/\/compicom.cologne\/index.php?rest_route=\/wp\/v2\/pages"}],"about":[{"href":"https:\/\/compicom.cologne\/index.php?rest_route=\/wp\/v2\/types\/page"}],"author":[{"embeddable":true,"href":"https:\/\/compicom.cologne\/index.php?rest_route=\/wp\/v2\/users\/1"}],"replies":[{"embeddable":true,"href":"https:\/\/compicom.cologne\/index.php?rest_route=%2Fwp%2Fv2%2Fcomments&post=28"}],"version-history":[{"count":11,"href":"https:\/\/compicom.cologne\/index.php?rest_route=\/wp\/v2\/pages\/28\/revisions"}],"predecessor-version":[{"id":767,"href":"https:\/\/compicom.cologne\/index.php?rest_route=\/wp\/v2\/pages\/28\/revisions\/767"}],"up":[{"embeddable":true,"href":"https:\/\/compicom.cologne\/index.php?rest_route=\/wp\/v2\/pages\/9"}],"wp:attachment":[{"href":"https:\/\/compicom.cologne\/index.php?rest_route=%2Fwp%2Fv2%2Fmedia&parent=28"}],"curies":[{"name":"wp","href":"https:\/\/api.w.org\/{rel}","templated":true}]}}