{"id":250,"date":"2012-06-07T08:10:24","date_gmt":"2012-06-07T08:10:24","guid":{"rendered":"https:\/\/compicom.cologne\/?page_id=250"},"modified":"2025-01-31T16:45:06","modified_gmt":"2025-01-31T15:45:06","slug":"archives","status":"publish","type":"page","link":"https:\/\/compicom.cologne\/?page_id=250","title":{"rendered":"Unsere besuchten Schulungen"},"content":{"rendered":"<h3 style=\"text-align: center;\"><strong>Schulungen und Fortbildungen:<\/strong><\/h3>\n<h3><span style=\"color: #666699;\"><strong>Schulungen absolviert bei: <\/strong><\/span><br \/><strong>Standard Elektrik Lorenz AG \/ ALCATEL-SEL AG<\/strong><br \/><strong>AGFEO<\/strong><br \/><strong>Bonner Akademie<\/strong><br \/><strong>K\u00f6lnwerk Schulungszentrum<br \/><span style=\"color: #0000ff;\">KONSTRUKT<\/span>EINS<br \/>interne Weiterbildungen<br \/><\/strong><\/h3>\n<p><strong>02\/84 bis 02\/84<\/strong><br \/>10 Tage Kurs f\u00fcr Mikroprozessor X86<\/p>\n<p><strong>09\/84 bis 09\/84<\/strong><br \/>15 Tage Einf\u00fchrung in die Programmiersprache Assembler<\/p>\n<p><strong>04\/86 bis 04\/86<\/strong><br \/>10 Tage Aufbaukurs in der Programmiersprache Assembler<\/p>\n<p><strong>12\/01 bis 23\/01\/87<\/strong><br \/>Einf\u00fchrung in die Computertechnik<\/p>\n<p><strong>26\/01 bis 06\/02\/87<\/strong><br \/>Einf\u00fchrung in den Micro-Computer<\/p>\n<p><strong>16\/02 bis 15\/08\/87<\/strong><br \/>Grundkurs f\u00fcr Hardwaretester digitales Vermittlungssystem S12<\/p>\n<p><strong>11\/04 bis 29\/04\/88<\/strong><br \/>Einf\u00fchrung in das Betriebssystem Unix und die Programmiersprache C<\/p>\n<p><strong>09\/01 bis 13\/01\/89<\/strong><br \/>MPTMON &#8211; Test und Programmierung mit Multi Prozessor Test Monitor f\u00fcr S12<\/p>\n<p><strong>06\/01 bis 24\/03\/89<\/strong><br \/>interne Werksschulung f\u00fcr Aufbau und Funktion des NSC (Network-Service-Center)<\/p>\n<p><strong>14\/08 bis 18\/08\/89<\/strong><br \/>interne Werksschulung f\u00fcr PCM30 Test mit Pr\u00fcfger\u00e4t UCSD<\/p>\n<p><strong>01\/02 bis 30\/04\/90<\/strong><br \/>Weiterbildung zum Inbetriebnahme-Tester digitales Vermittlungssystem S12<\/p>\n<p><strong>07\/05 bis 18\/05\/90<\/strong><br \/>Weiterbildung System 12 ISDN Einf\u00fchrung und ZZK (Zentraler Zeichenkanal) im System 12<\/p>\n<p><strong>21\/01 bis 25\/01\/91<\/strong><br \/>Weiterbildungskurs Test und Programmierung MPTMON \u2013 Multi Prozessor Testmonitor<\/p>\n<p><strong>18\/03 bis 22\/03\/91<\/strong><br \/>Weiterbildungskurs\u00a0 in Unix\/Xenix und die Programmiersprache C<\/p>\n<p><strong>13\/01 bis 21\/02\/92<\/strong><br \/>Grundkurs f\u00fcr Systemspezialisten digitales Vermittlungssystem S12<\/p>\n<p><strong>07\/03 bis 26\/03\/94<\/strong><br \/>Weiterbildung f\u00fcr Systemspezialisten digitales Vermittlungssystem S12<\/p>\n<p><strong>05\/09 bis 30\/09\/94<\/strong><br \/>interne Werksschulung auf das digitale Mobilfunksystem A900 (D-Netz)<\/p>\n<p><strong>05\/95 bis 05\/00<\/strong><br \/>j\u00e4hrlicher Softwareaufbaukurs f\u00fcr Systemspezialisten f\u00fcr S12 und A900<\/p>\n<p><strong>21\/08 bis 25\/08\/00<\/strong><br \/>Aufbaukurs Unix<\/p>\n<p><strong>28\/08 bis 01\/09\/00<\/strong><br \/>Einf\u00fchrungskurs LAN, WAN, Internet \u2013 Komponenten und Protokolle<\/p>\n<p><strong>19\/11 bis 23\/11\/01<\/strong><br \/>Weiterbildungskurs Windows NT 4, SMA\/SMC O&amp;M Funktionen<\/p>\n<p><strong>02\/09 bis 06\/09\/02<\/strong><br \/>Weiterbildungskurs\u00a0 IT Schulung \u2013 Kombinierter Arbeitsplatz \/ Raptor<\/p>\n<p><strong>06\/2003 bis 18\/08\/2004<\/strong><br \/>MCSE\/CCNA\/LPI\/VisualBasic Programmierung Schulungen bei Bonner Akademie<\/p>\n<p><strong>02\/2006 bis 04\/06\/2006<\/strong><br \/>Microsoft Server Systeme 2003\/Linux Firewallsysteme durch SQUID bei K\u00f6lnwerk<\/p>\n<p><strong>08\/2007 bis 10\/2008<\/strong><br \/>interne Weiterbildung in Programmierung moderner Haussteuerungen von Q3 Systemen<\/p>\n<p><strong>01\/2009 bis heute<\/strong><br \/><span style=\"text-decoration: underline;\">interne Weiterbildungen in den Bereichen:<\/span><br \/>Microsoft Servern 2008-2012 \/ Hyper V<br \/>MS Windows 7\/8\/10<br \/>MS Office Produkte und VB Programmierung<br \/>Netzwerktopologie und managed Switches<br \/>Einsatz von Linux als Workstation und Firewall<br \/>Programmiersprachen VisualBasic\/JavaScript\/PHP<br \/>Programmierung moderner Alarmsysteme auf Basis von Q3 HomeMatic<br \/>Programmierung moderner Haussteuerungen auf Basis von HomeMatic<br \/>&#8230;<\/p>\n<p><strong>02\/2015 bis 06\/2016<\/strong><br \/><span style=\"text-decoration: underline;\">diverse Schulungen bei AGFEO<\/span><br \/>VoIP\/NGN<br \/>Basisseminar ES-Systeme<br \/>Profiseminar ES-Systeme<br \/>Premiumseminar ES-Systeme<\/p>\n<p><strong>03\/2017 bis 09\/2017<br \/><\/strong>03\/2017 UPGRADE Schulung bei AGFEO<br \/>08\/2017 UPGRADE Schulung bei AGFEO<br \/>09\/2017 Ericson-LG Certified Field Expert for iPSECS eMG &amp; UCP<\/p>\n<p><strong>01\/2019 bis 02\/2019<br \/><\/strong>01\/2019 UPGRADE Schulung bei AGFEO f\u00fcr Sw. Vers.: 2.0a<br \/>02\/2019 SmartHome Schulung bei AGFEO (ES Systeme und SmartHome)<\/p>\n<p><strong>05\/2019 bis 08\/2020<br \/><\/strong>diverse Schulungen bei AGFEO im Bereich der ES Systeme<br \/>diverse Schulungen im Bereich Netzwerke und Peripherie<strong><br \/><\/strong><\/p>\n<p><strong>09\/2020 bis 12\/2023<br \/><\/strong>interne intensive Weiterbildung im Bereich Solartechnik.<br \/>Einarbeitung im Bereich Installation und Konfiguration<br \/>in den Techniken von Victron und Phocos. <strong><br \/><\/strong>Einarbeitung in der Programmierung von Victron <br \/>solaranlagen.<strong><br \/><\/strong>Update-Schulungen AGFEO ES Techniken und Zubeh\u00f6r.<strong>.<br \/><br \/>06\/2020 bis 04\/2023<br \/><\/strong>komplette Verfolgung, Denunzierung und Anfeindungen bis hin zu Angriffen durch total Verblendete da ungeimpft.\u00a0<br \/>Extreme Beleidigungen durch Politik\/Nedien und B\u00fcrger.<strong><br \/><br \/>05\/2020 bis 12\/2024<br \/><\/strong>0 Erkrankungen! Noch nicht einmal eine Erk\u00e4ltung!<strong><br \/><\/strong><\/p>\n<p><strong>06\/2020 bis 12\/2024<br \/><\/strong>Planung \/ Installation \/ Programmierung von 2 gro\u00dfen Solar Inselanlagen inkl. Notstromverf\u00fcgbarkeit bei einem Stromausfall.<strong><br \/><\/strong>Ziel ist eine 100 prozentige Autarkie und Eigenversorgung.<\/p>\n\n\n<p><\/p>\n","protected":false},"excerpt":{"rendered":"Schulungen und Fortbildungen: Schulungen absolviert bei: Standard Elektrik Lorenz AG \/ ALCATEL-SEL AGAGFEOBonner AkademieK\u00f6lnwerk SchulungszentrumKONSTRUKTEINSinterne Weiterbildungen 02\/84 bis 02\/8410 Tage Kurs f\u00fcr Mikroprozessor X86 09\/84 bis 09\/8415 Tage Einf\u00fchrung in die Programmiersprache Assembler 04\/86 bis 04\/8610 Tage Aufbaukurs in der Programmiersprache Assembler 12\/01 bis 23\/01\/87Einf\u00fchrung in die Computertechnik 26\/01 bis 06\/02\/87Einf\u00fchrung in den Micro-Computer 16\/02 bis 15\/08\/87Grundkurs f\u00fcr Hardwaretester digitales Vermittlungssystem S12 11\/04 bis 29\/04\/88Einf\u00fchrung in das Betriebssystem Unix und die Programmiersprache C 09\/01 bis 13\/01\/89MPTMON &#8211; Test und Programmierung mit Multi Prozessor Test Monitor f\u00fcr S12 06\/01 bis 24\/03\/89interne Werksschulung f\u00fcr Aufbau und Funktion des NSC (Network-Service-Center) 14\/08 bis 18\/08\/89interne Werksschulung f\u00fcr PCM30 Test mit Pr\u00fcfger\u00e4t UCSD 01\/02 bis 30\/04\/90Weiterbildung zum Inbetriebnahme-Tester digitales Vermittlungssystem S12 07\/05 bis 18\/05\/90Weiterbildung System 12 ISDN Einf\u00fchrung und ZZK (Zentraler Zeichenkanal) im System 12 21\/01 bis 25\/01\/91Weiterbildungskurs Test und Programmierung MPTMON \u2013 Multi Prozessor Testmonitor 18\/03 bis 22\/03\/91Weiterbildungskurs\u00a0 in Unix\/Xenix und die Programmiersprache C 13\/01 bis 21\/02\/92Grundkurs f\u00fcr Systemspezialisten digitales Vermittlungssystem S12 07\/03 bis&nbsp;<a href=\"https:\/\/compicom.cologne\/?page_id=250\" class=\"read-more\">Continue Reading<\/a>","protected":false},"author":1,"featured_media":0,"parent":5,"menu_order":1,"comment_status":"closed","ping_status":"closed","template":"","meta":{"footnotes":""},"class_list":["post-250","page","type-page","status-publish","hentry"],"yoast_head":"<!-- This site is optimized with the Yoast SEO plugin v14.5 - https:\/\/yoast.com\/wordpress\/plugins\/seo\/ -->\n<meta name=\"robots\" content=\"index, follow\" \/>\n<meta name=\"googlebot\" content=\"index, follow, max-snippet:-1, max-image-preview:large, max-video-preview:-1\" \/>\n<meta name=\"bingbot\" content=\"index, follow, max-snippet:-1, max-image-preview:large, max-video-preview:-1\" \/>\n<link rel=\"canonical\" href=\"https:\/\/compicom.cologne\/?page_id=250\" \/>\n<meta property=\"og:locale\" content=\"de_DE\" \/>\n<meta property=\"og:type\" content=\"article\" \/>\n<meta property=\"og:title\" content=\"Unsere besuchten Schulungen - TK - IT Profis\" \/>\n<meta property=\"og:description\" content=\"Schulungen und Fortbildungen: Schulungen absolviert bei: Standard Elektrik Lorenz AG \/ ALCATEL-SEL AGAGFEOBonner AkademieK\u00f6lnwerk SchulungszentrumKONSTRUKTEINSinterne Weiterbildungen 02\/84 bis 02\/8410 Tage Kurs f\u00fcr Mikroprozessor X86 09\/84 bis 09\/8415 Tage Einf\u00fchrung in die Programmiersprache Assembler 04\/86 bis 04\/8610 Tage Aufbaukurs in der Programmiersprache Assembler 12\/01 bis 23\/01\/87Einf\u00fchrung in die Computertechnik 26\/01 bis 06\/02\/87Einf\u00fchrung in den Micro-Computer 16\/02 bis 15\/08\/87Grundkurs f\u00fcr Hardwaretester digitales Vermittlungssystem S12 11\/04 bis 29\/04\/88Einf\u00fchrung in das Betriebssystem Unix und die Programmiersprache C 09\/01 bis 13\/01\/89MPTMON &#8211; Test und Programmierung mit Multi Prozessor Test Monitor f\u00fcr S12 06\/01 bis 24\/03\/89interne Werksschulung f\u00fcr Aufbau und Funktion des NSC (Network-Service-Center) 14\/08 bis 18\/08\/89interne Werksschulung f\u00fcr PCM30 Test mit Pr\u00fcfger\u00e4t UCSD 01\/02 bis 30\/04\/90Weiterbildung zum Inbetriebnahme-Tester digitales Vermittlungssystem S12 07\/05 bis 18\/05\/90Weiterbildung System 12 ISDN Einf\u00fchrung und ZZK (Zentraler Zeichenkanal) im System 12 21\/01 bis 25\/01\/91Weiterbildungskurs Test und Programmierung MPTMON \u2013 Multi Prozessor Testmonitor 18\/03 bis 22\/03\/91Weiterbildungskurs\u00a0 in Unix\/Xenix und die Programmiersprache C 13\/01 bis 21\/02\/92Grundkurs f\u00fcr Systemspezialisten digitales Vermittlungssystem S12 07\/03 bis&nbsp;Continue Reading\" \/>\n<meta property=\"og:url\" content=\"https:\/\/compicom.cologne\/?page_id=250\" \/>\n<meta property=\"og:site_name\" content=\"TK - IT Profis\" \/>\n<meta property=\"article:modified_time\" content=\"2025-01-31T15:45:06+00:00\" \/>\n<meta name=\"twitter:card\" content=\"summary\" \/>\n<script type=\"application\/ld+json\" class=\"yoast-schema-graph\">{\"@context\":\"https:\/\/schema.org\",\"@graph\":[{\"@type\":\"WebSite\",\"@id\":\"https:\/\/compicom.cologne\/#website\",\"url\":\"https:\/\/compicom.cologne\/\",\"name\":\"TK - IT Profis\",\"description\":\"Telekommunikations-, Informations-, Sicherheits- und moderne Haustechnik aus einer Hand\",\"potentialAction\":[{\"@type\":\"SearchAction\",\"target\":\"https:\/\/compicom.cologne\/?s={search_term_string}\",\"query-input\":\"required name=search_term_string\"}],\"inLanguage\":\"de\"},{\"@type\":\"WebPage\",\"@id\":\"https:\/\/compicom.cologne\/?page_id=250#webpage\",\"url\":\"https:\/\/compicom.cologne\/?page_id=250\",\"name\":\"Unsere besuchten Schulungen - TK - IT Profis\",\"isPartOf\":{\"@id\":\"https:\/\/compicom.cologne\/#website\"},\"datePublished\":\"2012-06-07T08:10:24+00:00\",\"dateModified\":\"2025-01-31T15:45:06+00:00\",\"inLanguage\":\"de\",\"potentialAction\":[{\"@type\":\"ReadAction\",\"target\":[\"https:\/\/compicom.cologne\/?page_id=250\"]}]}]}<\/script>\n<!-- \/ Yoast SEO plugin. -->","_links":{"self":[{"href":"https:\/\/compicom.cologne\/index.php?rest_route=\/wp\/v2\/pages\/250","targetHints":{"allow":["GET"]}}],"collection":[{"href":"https:\/\/compicom.cologne\/index.php?rest_route=\/wp\/v2\/pages"}],"about":[{"href":"https:\/\/compicom.cologne\/index.php?rest_route=\/wp\/v2\/types\/page"}],"author":[{"embeddable":true,"href":"https:\/\/compicom.cologne\/index.php?rest_route=\/wp\/v2\/users\/1"}],"replies":[{"embeddable":true,"href":"https:\/\/compicom.cologne\/index.php?rest_route=%2Fwp%2Fv2%2Fcomments&post=250"}],"version-history":[{"count":16,"href":"https:\/\/compicom.cologne\/index.php?rest_route=\/wp\/v2\/pages\/250\/revisions"}],"predecessor-version":[{"id":750,"href":"https:\/\/compicom.cologne\/index.php?rest_route=\/wp\/v2\/pages\/250\/revisions\/750"}],"up":[{"embeddable":true,"href":"https:\/\/compicom.cologne\/index.php?rest_route=\/wp\/v2\/pages\/5"}],"wp:attachment":[{"href":"https:\/\/compicom.cologne\/index.php?rest_route=%2Fwp%2Fv2%2Fmedia&parent=250"}],"curies":[{"name":"wp","href":"https:\/\/api.w.org\/{rel}","templated":true}]}}