{"id":235,"date":"2012-04-05T15:19:37","date_gmt":"2012-04-05T15:19:37","guid":{"rendered":"https:\/\/compicom.cologne\/?page_id=235"},"modified":"2018-10-15T17:50:24","modified_gmt":"2018-10-15T16:50:24","slug":"3rd-category","status":"publish","type":"page","link":"https:\/\/compicom.cologne\/?page_id=235","title":{"rendered":"Sicherheit durch Licht"},"content":{"rendered":"<p>Licht ist der Feind eines jeden Einbrechers, aber immer noch denlen viele Menschen in diesem Land, dass dies viel zu viel kostet.<\/p>\n<p>Rund um unsere Gesch\u00e4ftsr\u00e4ume brennen die Lampen die ganze\u00a0 Nacht! Sollte man es den Einbrechern wirklich wegen ein paar Euro so leicht machen? Viele sagen nun, dass sie ja Lampen mit Bewegungsmelder haben, aber sollen wir nun weinen oder lachen? Die schl\u00e4gt der Einbrecher schon von der Wand bevor die \u00fcberhaupt leuchten!<br \/>\nInsgesamt brennen hier 20 Lampen Nachts und sorgen f\u00fcr ausreichend Helligkeit rund um unser B\u00fcro. Tja was kostet uns dies nun?<\/p>\n<h2><strong><span style=\"color: #ff0000;\">Ca. 30 Euro im Jahr!!!<\/span> <\/strong><\/h2>\n<p>Denn das Zauberwort hei\u00dft LED Technik. 2007 wurde das ganze B\u00fcro damit ausgestattet und jede Lampe hatte nur 0,5 W! Heute muss man sich leider schon anstrengen wenn man LED Lampen unter 6 Watt finden will, denn wenig Verbrauch hei\u00dft auch weniger Steuerneinnahmen f\u00fcr unsere politische F\u00fchrung und weniger Profit bei den Stromerzeugern! Also kam irgendwann einmal die Wende und die Wattzahlen stiegen wieder&#8230;seltsam oder?<\/p>\n<p>Und f\u00fcr die paar Euro die Gesundheit der Familie und die Sicherheit aufs Spiel setzen? Ist ja wohl etwas l\u00e4cherlich, oder?<\/p>\n","protected":false},"excerpt":{"rendered":"Licht ist der Feind eines jeden Einbrechers, aber immer noch denlen viele Menschen in diesem Land, dass dies viel zu viel kostet. Rund um unsere Gesch\u00e4ftsr\u00e4ume brennen die Lampen die ganze\u00a0 Nacht! Sollte man es den Einbrechern wirklich wegen ein paar Euro so leicht machen? Viele sagen nun, dass sie ja Lampen mit Bewegungsmelder haben, aber sollen wir nun weinen oder lachen? Die schl\u00e4gt der Einbrecher schon von der Wand bevor die \u00fcberhaupt leuchten! Insgesamt brennen hier 20 Lampen Nachts und sorgen f\u00fcr ausreichend Helligkeit rund um unser B\u00fcro. Tja was kostet uns dies nun? Ca. 30 Euro im Jahr!!! Denn das Zauberwort hei\u00dft LED Technik. 2007 wurde das ganze B\u00fcro damit ausgestattet und jede Lampe hatte nur 0,5 W! Heute muss man sich leider schon anstrengen wenn man LED Lampen unter 6 Watt finden will, denn wenig Verbrauch hei\u00dft auch weniger Steuerneinnahmen f\u00fcr unsere politische F\u00fchrung und weniger Profit bei den Stromerzeugern! Also kam irgendwann einmal die Wende und&nbsp;<a href=\"https:\/\/compicom.cologne\/?page_id=235\" class=\"read-more\">Continue Reading<\/a>","protected":false},"author":1,"featured_media":0,"parent":28,"menu_order":2,"comment_status":"closed","ping_status":"closed","template":"","meta":{"footnotes":""},"class_list":["post-235","page","type-page","status-publish","hentry"],"yoast_head":"<!-- This site is optimized with the Yoast SEO plugin v14.5 - https:\/\/yoast.com\/wordpress\/plugins\/seo\/ -->\n<meta name=\"robots\" content=\"index, follow\" \/>\n<meta name=\"googlebot\" content=\"index, follow, max-snippet:-1, max-image-preview:large, max-video-preview:-1\" \/>\n<meta name=\"bingbot\" content=\"index, follow, max-snippet:-1, max-image-preview:large, max-video-preview:-1\" \/>\n<link rel=\"canonical\" href=\"https:\/\/compicom.cologne\/?page_id=235\" \/>\n<meta property=\"og:locale\" content=\"de_DE\" \/>\n<meta property=\"og:type\" content=\"article\" \/>\n<meta property=\"og:title\" content=\"Sicherheit durch Licht - TK - IT Profis\" \/>\n<meta property=\"og:description\" content=\"Licht ist der Feind eines jeden Einbrechers, aber immer noch denlen viele Menschen in diesem Land, dass dies viel zu viel kostet. Rund um unsere Gesch\u00e4ftsr\u00e4ume brennen die Lampen die ganze\u00a0 Nacht! Sollte man es den Einbrechern wirklich wegen ein paar Euro so leicht machen? Viele sagen nun, dass sie ja Lampen mit Bewegungsmelder haben, aber sollen wir nun weinen oder lachen? Die schl\u00e4gt der Einbrecher schon von der Wand bevor die \u00fcberhaupt leuchten! Insgesamt brennen hier 20 Lampen Nachts und sorgen f\u00fcr ausreichend Helligkeit rund um unser B\u00fcro. Tja was kostet uns dies nun? Ca. 30 Euro im Jahr!!! Denn das Zauberwort hei\u00dft LED Technik. 2007 wurde das ganze B\u00fcro damit ausgestattet und jede Lampe hatte nur 0,5 W! Heute muss man sich leider schon anstrengen wenn man LED Lampen unter 6 Watt finden will, denn wenig Verbrauch hei\u00dft auch weniger Steuerneinnahmen f\u00fcr unsere politische F\u00fchrung und weniger Profit bei den Stromerzeugern! Also kam irgendwann einmal die Wende und&nbsp;Continue Reading\" \/>\n<meta property=\"og:url\" content=\"https:\/\/compicom.cologne\/?page_id=235\" \/>\n<meta property=\"og:site_name\" content=\"TK - IT Profis\" \/>\n<meta property=\"article:modified_time\" content=\"2018-10-15T16:50:24+00:00\" \/>\n<meta name=\"twitter:card\" content=\"summary\" \/>\n<script type=\"application\/ld+json\" class=\"yoast-schema-graph\">{\"@context\":\"https:\/\/schema.org\",\"@graph\":[{\"@type\":\"WebSite\",\"@id\":\"https:\/\/compicom.cologne\/#website\",\"url\":\"https:\/\/compicom.cologne\/\",\"name\":\"TK - IT Profis\",\"description\":\"Telekommunikations-, Informations-, Sicherheits- und moderne Haustechnik aus einer Hand\",\"potentialAction\":[{\"@type\":\"SearchAction\",\"target\":\"https:\/\/compicom.cologne\/?s={search_term_string}\",\"query-input\":\"required name=search_term_string\"}],\"inLanguage\":\"de\"},{\"@type\":\"WebPage\",\"@id\":\"https:\/\/compicom.cologne\/?page_id=235#webpage\",\"url\":\"https:\/\/compicom.cologne\/?page_id=235\",\"name\":\"Sicherheit durch Licht - TK - IT Profis\",\"isPartOf\":{\"@id\":\"https:\/\/compicom.cologne\/#website\"},\"datePublished\":\"2012-04-05T15:19:37+00:00\",\"dateModified\":\"2018-10-15T16:50:24+00:00\",\"inLanguage\":\"de\",\"potentialAction\":[{\"@type\":\"ReadAction\",\"target\":[\"https:\/\/compicom.cologne\/?page_id=235\"]}]}]}<\/script>\n<!-- \/ Yoast SEO plugin. -->","_links":{"self":[{"href":"https:\/\/compicom.cologne\/index.php?rest_route=\/wp\/v2\/pages\/235","targetHints":{"allow":["GET"]}}],"collection":[{"href":"https:\/\/compicom.cologne\/index.php?rest_route=\/wp\/v2\/pages"}],"about":[{"href":"https:\/\/compicom.cologne\/index.php?rest_route=\/wp\/v2\/types\/page"}],"author":[{"embeddable":true,"href":"https:\/\/compicom.cologne\/index.php?rest_route=\/wp\/v2\/users\/1"}],"replies":[{"embeddable":true,"href":"https:\/\/compicom.cologne\/index.php?rest_route=%2Fwp%2Fv2%2Fcomments&post=235"}],"version-history":[{"count":6,"href":"https:\/\/compicom.cologne\/index.php?rest_route=\/wp\/v2\/pages\/235\/revisions"}],"predecessor-version":[{"id":664,"href":"https:\/\/compicom.cologne\/index.php?rest_route=\/wp\/v2\/pages\/235\/revisions\/664"}],"up":[{"embeddable":true,"href":"https:\/\/compicom.cologne\/index.php?rest_route=\/wp\/v2\/pages\/28"}],"wp:attachment":[{"href":"https:\/\/compicom.cologne\/index.php?rest_route=%2Fwp%2Fv2%2Fmedia&parent=235"}],"curies":[{"name":"wp","href":"https:\/\/api.w.org\/{rel}","templated":true}]}}