{"id":231,"date":"2012-04-05T15:18:51","date_gmt":"2012-04-05T15:18:51","guid":{"rendered":"https:\/\/compicom.cologne\/?page_id=231"},"modified":"2018-10-15T17:24:55","modified_gmt":"2018-10-15T16:24:55","slug":"1st-category","status":"publish","type":"page","link":"https:\/\/compicom.cologne\/?page_id=231","title":{"rendered":"Moderne Alarmtechnik"},"content":{"rendered":"<h3 style=\"text-align: center;\"><span style=\"color: #ff0000;\"><strong>Unsere Alarmtechnik ist nicht von der Stange!<\/strong><\/span><br \/>\n<span style=\"color: #ff0000;\"><strong>Denn wir setzen auf individuelle Programmierung!<\/strong><\/span><\/h3>\n<p>Was ist an diesem Werbespott falsch?<br \/>\n&#8222;Ein Fenster wird eingeschlagen &#8211; eine Sirene geht an &#8211; Polizei kommt&#8220;<\/p>\n<p>Tja, wenn das Fenster zu bruch geht, oder aufgebrochen wird, dann ist es doch schon viel zu sp\u00e4t! Oder? Das bedeutet auf jeden Fall \u00c4rger, Handwerker suchen, Versicherung schreiben, sich \u00fcber Versicherung \u00e4rgern und und und &#8230;<br \/>\nUnd wann die Polizei kommt? Wer wei\u00df das schon bei der kronischen Unterbesetzung bei der Polizei!<\/p>\n<p>Unsere Systeme setzen darauf die kriminellen V\u00f6gel schon drau\u00dfen zu erkennen und ihnen dies zu signalisieren! Wenn die Einbrecher schon drau\u00dfen mit bekommen, dass sie schon entdeckt wurden, dann gehen die schnell zu einem anderen leichteren Objekt!<\/p>\n","protected":false},"excerpt":{"rendered":"Unsere Alarmtechnik ist nicht von der Stange! Denn wir setzen auf individuelle Programmierung! Was ist an diesem Werbespott falsch? &#8222;Ein Fenster wird eingeschlagen &#8211; eine Sirene geht an &#8211; Polizei kommt&#8220; Tja, wenn das Fenster zu bruch geht, oder aufgebrochen wird, dann ist es doch schon viel zu sp\u00e4t! Oder? Das bedeutet auf jeden Fall \u00c4rger, Handwerker suchen, Versicherung schreiben, sich \u00fcber Versicherung \u00e4rgern und und und &#8230; Und wann die Polizei kommt? Wer wei\u00df das schon bei der kronischen Unterbesetzung bei der Polizei! Unsere Systeme setzen darauf die kriminellen V\u00f6gel schon drau\u00dfen zu erkennen und ihnen dies zu signalisieren! Wenn die Einbrecher schon drau\u00dfen mit bekommen, dass sie schon entdeckt wurden, dann gehen die schnell zu einem anderen leichteren Objekt!","protected":false},"author":1,"featured_media":0,"parent":28,"menu_order":0,"comment_status":"closed","ping_status":"closed","template":"","meta":{"footnotes":""},"class_list":["post-231","page","type-page","status-publish","hentry"],"yoast_head":"<!-- This site is optimized with the Yoast SEO plugin v14.5 - https:\/\/yoast.com\/wordpress\/plugins\/seo\/ -->\n<meta name=\"robots\" content=\"index, follow\" \/>\n<meta name=\"googlebot\" content=\"index, follow, max-snippet:-1, max-image-preview:large, max-video-preview:-1\" \/>\n<meta name=\"bingbot\" content=\"index, follow, max-snippet:-1, max-image-preview:large, max-video-preview:-1\" \/>\n<link rel=\"canonical\" href=\"https:\/\/compicom.cologne\/?page_id=231\" \/>\n<meta property=\"og:locale\" content=\"de_DE\" \/>\n<meta property=\"og:type\" content=\"article\" \/>\n<meta property=\"og:title\" content=\"Moderne Alarmtechnik - TK - IT Profis\" \/>\n<meta property=\"og:description\" content=\"Unsere Alarmtechnik ist nicht von der Stange! Denn wir setzen auf individuelle Programmierung! Was ist an diesem Werbespott falsch? &#8222;Ein Fenster wird eingeschlagen &#8211; eine Sirene geht an &#8211; Polizei kommt&#8220; Tja, wenn das Fenster zu bruch geht, oder aufgebrochen wird, dann ist es doch schon viel zu sp\u00e4t! Oder? Das bedeutet auf jeden Fall \u00c4rger, Handwerker suchen, Versicherung schreiben, sich \u00fcber Versicherung \u00e4rgern und und und &#8230; Und wann die Polizei kommt? Wer wei\u00df das schon bei der kronischen Unterbesetzung bei der Polizei! Unsere Systeme setzen darauf die kriminellen V\u00f6gel schon drau\u00dfen zu erkennen und ihnen dies zu signalisieren! Wenn die Einbrecher schon drau\u00dfen mit bekommen, dass sie schon entdeckt wurden, dann gehen die schnell zu einem anderen leichteren Objekt!\" \/>\n<meta property=\"og:url\" content=\"https:\/\/compicom.cologne\/?page_id=231\" \/>\n<meta property=\"og:site_name\" content=\"TK - IT Profis\" \/>\n<meta property=\"article:modified_time\" content=\"2018-10-15T16:24:55+00:00\" \/>\n<meta name=\"twitter:card\" content=\"summary\" \/>\n<script type=\"application\/ld+json\" class=\"yoast-schema-graph\">{\"@context\":\"https:\/\/schema.org\",\"@graph\":[{\"@type\":\"WebSite\",\"@id\":\"https:\/\/compicom.cologne\/#website\",\"url\":\"https:\/\/compicom.cologne\/\",\"name\":\"TK - IT Profis\",\"description\":\"Telekommunikations-, Informations-, Sicherheits- und moderne Haustechnik aus einer Hand\",\"potentialAction\":[{\"@type\":\"SearchAction\",\"target\":\"https:\/\/compicom.cologne\/?s={search_term_string}\",\"query-input\":\"required name=search_term_string\"}],\"inLanguage\":\"de\"},{\"@type\":\"WebPage\",\"@id\":\"https:\/\/compicom.cologne\/?page_id=231#webpage\",\"url\":\"https:\/\/compicom.cologne\/?page_id=231\",\"name\":\"Moderne Alarmtechnik - TK - IT Profis\",\"isPartOf\":{\"@id\":\"https:\/\/compicom.cologne\/#website\"},\"datePublished\":\"2012-04-05T15:18:51+00:00\",\"dateModified\":\"2018-10-15T16:24:55+00:00\",\"inLanguage\":\"de\",\"potentialAction\":[{\"@type\":\"ReadAction\",\"target\":[\"https:\/\/compicom.cologne\/?page_id=231\"]}]}]}<\/script>\n<!-- \/ Yoast SEO plugin. -->","_links":{"self":[{"href":"https:\/\/compicom.cologne\/index.php?rest_route=\/wp\/v2\/pages\/231","targetHints":{"allow":["GET"]}}],"collection":[{"href":"https:\/\/compicom.cologne\/index.php?rest_route=\/wp\/v2\/pages"}],"about":[{"href":"https:\/\/compicom.cologne\/index.php?rest_route=\/wp\/v2\/types\/page"}],"author":[{"embeddable":true,"href":"https:\/\/compicom.cologne\/index.php?rest_route=\/wp\/v2\/users\/1"}],"replies":[{"embeddable":true,"href":"https:\/\/compicom.cologne\/index.php?rest_route=%2Fwp%2Fv2%2Fcomments&post=231"}],"version-history":[{"count":4,"href":"https:\/\/compicom.cologne\/index.php?rest_route=\/wp\/v2\/pages\/231\/revisions"}],"predecessor-version":[{"id":658,"href":"https:\/\/compicom.cologne\/index.php?rest_route=\/wp\/v2\/pages\/231\/revisions\/658"}],"up":[{"embeddable":true,"href":"https:\/\/compicom.cologne\/index.php?rest_route=\/wp\/v2\/pages\/28"}],"wp:attachment":[{"href":"https:\/\/compicom.cologne\/index.php?rest_route=%2Fwp%2Fv2%2Fmedia&parent=231"}],"curies":[{"name":"wp","href":"https:\/\/api.w.org\/{rel}","templated":true}]}}