{"id":220,"date":"2012-01-18T17:03:20","date_gmt":"2012-01-18T17:03:20","guid":{"rendered":"https:\/\/compicom.cologne\/?page_id=220"},"modified":"2025-01-31T17:24:00","modified_gmt":"2025-01-31T16:24:00","slug":"testimonials","status":"publish","type":"page","link":"https:\/\/compicom.cologne\/?page_id=220","title":{"rendered":"Unsere Firmengeschichte ab 1991"},"content":{"rendered":"\n<p><\/p>\n\n\n<h2 style=\"text-align: center;\">Die Firmengeschichte der Firma CompiCom begann 1991 als Nebengewerbe<\/h2>\n<p>Zur damaligen Zeit bestand das Kerngeschaeft im Vertrieb und der Installation von Telekommunikationsger\u00e4ten. Zu dieser Zeit kamen die ersten ISDN Leitungen auf den Markt und er\u00f6ffneten dem Kunden eine ganz neue Art der Telefonie.<br \/>Die beliebtesten Ger\u00e4te zu dieser Zeit waren dann unter anderem auch die Kombifax-Ger\u00e4te und darunter die Ger\u00e4te der Firma Panasonic. Tel, Fax und AB in einem und das ohne besondere Weiche. Meine Kunden waren begeistert von diesen M\u00f6glichkeiten. Auch die ersten ISDN Anlagen und Telefone kamen auf den Markt und erm\u00f6glichten dem Kunden das Sehen einer Rufnummer bei einem ankommenden Anruf. Es war der Beginn von dem, was heute f\u00fcr alle selbstverst\u00e4ndlich ist.<br \/>Wir kennen heute sogar noch einen Kunden, bei dem eins von diesen Kombifax-Ger\u00e4ten l\u00e4uft! Und dies nun schon seit 22 Jahren!!! Nur die Beschaffung der Termorollen ist etwas schwierig geworden, aber nicht unm\u00f6glich!<\/p>\n<p><strong><span style=\"color: #0000ff;\">1994<\/span><\/strong> haben wir dann damit begonnen nur noch ISDN Anlagen der Firma AGFEO zu installieren, da diese mit einer kostenlosen CTI Software ausgeliefert wurden und auch Updates kostenlos waren und heute immer noch sind. Au\u00dferdem waren die Leitungsmerkmale und der Bedienkompfort dieser Anlagen schon damals absolut einzigartig auf dem Markt!<br \/>In den folgenden Jahren ging der Markt f\u00fcr Kombifaxger\u00e4te immer weiter zur\u00fcck und die ISDN Anlagen eroberten diesen Bereich, da die Produktpalette von AGFEO nun vom Privatbereich bis hin zum absoluten Businessbereich ging.<\/p>\n<p><strong><span style=\"color: #0000ff;\">1998<\/span><\/strong> kam dann das neue D-Netz auf den Markt und sollte das bestehende C-Netz abl\u00f6sen. Da wir bei der Firma ALCATEL f\u00fcr den Test der ersten Anlagen, welche T-Mobil von ALCATEL gekauft hatte, zust\u00e4ndig waren, war es ja auch klar, dass wir diesen Markt auf keinen Fall verschlafen durften. Wir suchten uns nun ein passendes Ladengesch\u00e4ft in guter Lage, sanierten es passend nach unseren Vorstellungen und f\u00fchrten die ersten Verhandlungen mit den zuk\u00fcnftigen Providern wie Mannesmann D2\/T-Mobil\/VIAG Interkom.<br \/>Leider hatten der Staat und insbesondere das Porzer Finanzamt so seine Bedenken mit diesen neuen Dingen und unterzog uns eine Woche vor Gesch\u00e4ftser\u00f6ffnung einer Steuerpr\u00fcfung. Der erste Satz des Pr\u00fcfers beim Betreten unseres neuen Ladengesch\u00e4ftes war &#8222;damit sie Bescheid wissen, dass alles ist f\u00fcr mich eine Neugr\u00fcndung und alle bis heute gemachten Investitionen sind deshalb nicht abzugsf\u00e4hig, aber daf\u00fcr d\u00fcrfen Sie ja ab heute dann alle Gewinne die hier erwirtschaftet werden versteuern.&#8220;<br \/>Tja es begann ein fast 2 j\u00e4hriger Kampf gegen diesen Pr\u00fcfer und das Porzer Finanzamt. Das Gesch\u00e4ft wurde nie er\u00f6ffnet und nach einem Jahr an einen Nachmieter \u00fcbergeben. Der ganze Kampf kostete uns fast 100.000 DM und am Schluss kam auch noch raus, dass Freunde des Steuerpr\u00fcfers das Gesch\u00e4ft gerne mieten wollten.<\/p>\n<p><strong><span style=\"color: #0000ff;\">2000<\/span><\/strong> erweiterten wir unser Gesch\u00e4ft nun auch durch den Bereich der immer beliebter werdenden Computernetzwerke. Das erste einsetzbare Microsoft Server-System (Windows 2000 Server) kam auf den Markt und l\u00f6ste langsam aber sicher die bis dahin existierenden Systeme wie Unix oder Netware ab.<\/p>\n<p><strong><span style=\"color: #0000ff;\">2003-2004<\/span><\/strong> machte ich dann aus meinem Nebengewerbe ein Hauptgewerbe und besuchte zuerst einmal wieder eine Schule f\u00fcr IT Weiterbildungen. Dort machte ich innerhalb von einem Jahr meinen MCSE (Microsoft System Engeneer), meinen LPI (Linux Administrator) und besuchte den Kurs des CCNA (Cisco Certified Network Associate Routing and Switching). Alle diese Schulungen wurden von mir aus eigenen finaziellen Mitteln bezahlt und die Kosten befanden sich im 5 stelligen Euro Bereich.<\/p>\n<p><strong><span style=\"color: #0000ff;\">2005-2006<\/span><\/strong> haben ich dann diverse Projekte bei Kunden realisiert und die alten Netware Server gegen Windows 2003 Server ausgetauscht. Die damaligen AGFEO TK-Anlagen waren f\u00fcr viele meiner Kunden eine echte Innovation in diesem Bereich, da AGFEO schon damals eine kostenlose CTI Software integrierte und diese durch die vielen Funktionen das Telefonieren extrem komfortabel machte. Noch heute habe ich Kunden, welche immer noch mit diesen Anlagen telefonieren, da AGFEO durch kostenlose Updates immer alles an das moderner werdende Netz anpasste.<\/p>\n<p><strong><span style=\"color: #0000ff;\">2007<\/span><\/strong> machte ich dann den n\u00e4chsten Schritt in Richtung Zukunft und mietete ein neues B\u00fcro an. Dieses wurde dann zuerst einmal kernsaniert und mit der neusten Technik im Bereich &#8222;Haussteuerung&#8220; ausgestattet. Die Firma Q3 brachten ein neues System auf den Markt, welches \u00fcber den PC zu programmieren und zu steuern war. Die Aktoren wurden \u00fcber Funk angesprochen und steuerten Licht\/Heizung\/T\u00fcrsysteme und Warnmelder. 2014 kamen dann die ersten Energieversoger mit dieser Technik auf den Markt und nannten Sie &#8222;SmartHome&#8220;<\/p>\n<p><strong><span style=\"color: #0000ff;\">2009<\/span><\/strong> wurde das neue B\u00fcro endlich fertig und es konnte bezogen werden. Ab nun lief die ganze Technik \u00fcber meinen Server und dieser steuerte alle Lampen und Heizungen. Dadurch konnte ich nun Energiekosten in einer H\u00f6he von bis zu 40% sparen. Zus\u00e4tzlich verbaute ich nur noch die neuen LED Leuchtmittel, welche nur noch ca. 3% der normalen Leuchtmittel verbrauchten. Ist es nicht seltsam, dass ich noch Leuchtmittel aus dieser Zeit habe, welche 0,5 Watt haben und man heute nichts mehr unter 8 Watt bekommt? Sinkender Stromverbrauch bedeutet nun einmal sinkende Einnahmen und sinkende Einnahmen bedeuten weniger Steuern f\u00fcr den Staat, also mussten die ersten Generationen schnell weg.<\/p>\n<p><strong><span style=\"color: #0000ff;\">Ende 2009<\/span><\/strong> kam dann auch prompt die n\u00e4chste Steuerpr\u00fcfung, da die Investitionen und diese neue Technik f\u00fcr den Staat wohl etwas schlechtes bedeutete. Tja und was soll ich sagen, diese fing wieder so an wie die letzte aufgeh\u00f6rt hatte. Binnen von einer Woche bekam ich ein Schreiben in dem mir 5000 Euro Strafe angedroht wurden, wenn ich meinen damaligen Steuerberater nicht sofort in die W\u00fcste schicken w\u00fcrde. Also stand ich zuerst einmal wieder ohne steuerlichen Beistand da und der Pr\u00fcfer unterbreitete mir beim n\u00e4chsten Termin, dass die Investitionen und das B\u00fcro nicht anerkannt w\u00fcrden. Eine 3 m\u00b2 gro\u00dfe Toilette w\u00e4re ja wohl extrem \u00fcbertrieben und 1 m\u00b2 w\u00e4re ja wohl mehr als genug.<\/p>\n<p><strong><span style=\"color: #0000ff;\">2010<\/span><\/strong> wurde der Streit mit dem Finanzamt dann dank eines neuen Steuerberaters beendet, aber die Nachzahlungen aus dieser Einigung warfen mich zuerst einmal wieder um Jahre zur\u00fcck. Leider blieb kein Geld mehr f\u00fcr eine professionelle Vermarktung der neuen Haustechnik \u00fcbrig.<\/p>\n<p><strong><span style=\"color: #0000ff;\">2011-2014<\/span><\/strong> wurde die moderne Haustechnik immer weiter verfeinert und modernisiert. Die erste Generation wurde durch die neue Generation mit eigener CCU (Steuereinheit) erweitert und die Systeme wurden auch immer intelligenter. Nat\u00fcrlich wurden auch die Serversysteme von Microsoft immer besser und um auch in diesem Bereich nicht zu veralten, verbrachten ich viele Stunden mit privaten Studien und st\u00e4ndiger Fortbildung.<br \/>Server 2003 wurde durch 2008, dann durch 2008R2, danach durch 2012 und 2012R2 abgel\u00f6st. Immer mehr hielt die Virtualisierung Einzug in die IT Welt und es ist nicht einfach immer auf dem aktuellen Wissensstand zu bleiben.<br \/><span style=\"color: #0000ff;\">Mitte 2013 <\/span>meldete sich das Finanzamt dann wieder zu Wort und ein neuer Bearbeiter war dann der Meinung, dass seine Kollegen 2010 noch nicht genug aus mir raus geholt haben. Wieder wurden die B\u00fcror\u00e4ume zum Mittelpunkt des Kampfes. Da dieser ganze ewige Streit mit dem FA mich und meine Frau krank machte, schrieb ich ein paar Mails an diverse Politiker und Minister und einer hatte wohl Mitleid und schaltete sich dann ein. Das Finanzamt lies dann von mir ab, aber erst nachdem man mir im Urlaub mal schnell die Konten gesperrt hatte. Ich habe 2 dicke Ordner mit bescheiden \u00fcber Verrechnungen mit anderen Steuern, aber pl\u00f6tzlich konnte man 600 Euro Umsatzsteuer-Schuld nicht mehr mit 1200 Euro Einkommenssteuer-Guthaben verrechnen. Bergr\u00fcndung war dann, dass da wohl einer aus Hausnummer XX die Nummer XXa gemacht hat.<\/p>\n<p><strong><span style=\"color: #0000ff;\">2015<\/span><\/strong> hatte ich dann genug an der modernen Haustechnik weiterentwickelt und programmiert. Ich realisierte mein erstes innovatives Alarmsystem. Sieht man sich die heutigen Alarmanlagen einmal an, so sind diese doch wie vor 20 Jahren. Nicht meine Systeme! Zuerst einmal ist die Hardware meiner Systeme viel g\u00fcnstiger. Ein Bewegungsmelder eines bekannten Alarmanlagen-Anbieters kostet das Vierfache von einem Melder aus meinem System. Meine Systeme werden f\u00fcr jeden Kunden individuell programmiert und installiert. Es gibt keine Grenzen mehr im Bereich &#8222;Intelligenz&#8220;, denn alles ist nur noch eine Sache der Programmierung.<br \/>Bei meinem System verzeichnen schon die Au\u00dfensensoren eine Ann\u00e4herung und sofort l\u00e4uft ein programmiertes Prozedere ab. N\u00e4hert sich jemand dem Haus, dann wird sofort eine SMS\/Mail versendet oder auch ein Anruf mit einer Ansage get\u00e4tigt. Dazu bekommt der Einbrecher nun direkt angezeigt, dass er vom System schon erfasst wurde und dies, obwohl er ja noch nicht einmal im Haus ist. Bei best\u00e4tigtem feindlichen Kontakt kann sofort eine akustische und visuelle Alarmierung stattfinden.<br \/>Auch im Haus k\u00f6nnen verschiedene Alarmbereiche programmiert werden. Wie viele wollen Sie wissen? Unendlich viele! Mein Alarmsystem kennt keine Begrenzung und dies in allen Bereichen!<\/p>\n<p style=\"text-align: left;\">Auch AGFEO hat nun eine neue Anlagengeneration auf den Markt gebracht und seine Anlagen standartm\u00e4\u00dfig mit der IT-Welt verbunden. Bei der alten Generation war dies nur im h\u00f6heren Segment m\u00f6glich, aber nun hat es jede Anlage. Durch ein eigenes Patent im SIP Bereich, welches AGFEO ASIP nennt, ist der Anschluss eines Systemtelefons \u00fcber tausende von Kilometer m\u00f6glich, auch wenn kein QoS Protokoll vorhanden ist. Wieder einmal besuchte ich Schulungen und vergr\u00f6\u00dferte dadurch mein Wissen. Danach bekamen die ersten Kunden diesen neuen Anlagentyp und alle sind begeistert. Sie fragen sich nun, was denn am Telefonieren neu erfunden werden kann und wir bringen Ihnen ein Beispiel:<br \/>Sie telefonieren viel in Handynetze und haben deshalb sehr hohe monatliche Geb\u00fchren. Bei der Telekom kostet das komplette Flat-Paket ca. 50 Euro und der Anschluss auch ca. 40 Euro. Dies sind dann 90 Euro im Monat. Wir verkaufen Ihnen eine ESXXX, schalten den billigsten VoIP Anschluss drauf, ca. 20 Euro, und als SIP Provider tragen wir jetzt zus\u00e4tzlich Sipgate mit ein. Dort bekommt man f\u00fcr 12 Euro eine Flat in alle Netze. Das Routing in der ESXXX Anlage stelle ich dann so ein, dass wenn Sie ein Handy anrufen, die Anlage Sie sofort \u00fcber Sipgate telefonieren l\u00e4sst. Also sparen Sie ca. 50 Euro im Monat und das bedeutet im Jahr 600 Euro!!<\/p>\n<p style=\"text-align: center;\"><strong><span style=\"color: #0000ff;\">Willkommen bei &#8222;It&#8217;s not just a Telephonesystem, no &#8211; it&#8217;s a AGFEO!&#8220;<\/span><\/strong><\/p>\n<p><strong><span style=\"color: #0000ff;\">2016<\/span><\/strong> besch\u00e4ftigte ich mich verst\u00e4rkt mit dem Bereich &#8222;Virtualisierung&#8220; da ich zugeben muss, dass ich diesen Bereich etwas links liegen gelassen habe. Ich schulte mich an eigenen Versuchssystemen weiter und lernte vieles dazu.<br \/>Nur durch st\u00e4ndige Weiterbildung ist der Anschluss an den sich schnell ver\u00e4ndernden Markt zu halten und wenn ich sehe wie mansche sogenannten IT Leute, die noch nicht einmal wissen wie man das AD von Microsoft programmiert, den Kunden das Geld aus der Tasche ziehen und dabei noch deren Daten gef\u00e4rden, dann kann ich oft nur noch mit dem Kopf sch\u00fctteln. Wenn man an MS Systemen arbeitet, dann sollte man auch schon einmal deren Schulungen besucht haben und zumindest die Grundlagen im Bereich Server verstanden haben.<br \/><strong>Sie fragen sich nun wie man denn \u00fcberhaupt erkennen kann, ob es sich um einen echten Fachmann, oder doch nur um einen Kellerbastler handelt? Ganz einfach! Lassen Sie ihn an den Server und stellen ihm die Aufgabe, dass ein bestimmter Benutzer auf allen PCs den z.B. Firefox-Browser nicht mehr \u00f6ffnen darf. Das Ergebniss ist ja kontrollierbar und wenn er es nicht kann, dann hat er noch nie eine Microsoft Schulung besucht! Also warum viel Geld f\u00fcr jemanden bezahlern, der nichts kann?<br \/><\/strong><br \/><strong><span style=\"color: #0000ff;\">2017 <\/span><\/strong><span style=\"color: #0000ff;\"><span style=\"color: #000000;\">besuchten wir dann weitere Schulungen im Bereich Telekommunikation.<\/span><br \/><\/span><strong>Im M\u00e4rz und im August<\/strong> besuchten wir dann bei AGFEO die Uppgrade Schulungen um auf dem neusten Wissensstand zu bleiben, da AGFEO im Bereich der Software einige neue Dinge in seine TK_Systeme implementiert hatte.<br \/><strong>Im September<\/strong> besuchten wir dann eine mehrt\u00e4gige Schulung bei <span style=\"color: #0000ff;\">KONSTRUKT<\/span>EINS\u00a0 f\u00fcr das TK-System iPSEC von Ericson-LG. Dieses TK-System ist ein weiterer Ausbau unserer Produktpalette, denn nun sind wir in der Lage auch gr\u00f6\u00dfere Firmen und Verwaltungen im Bereich Telekommunikation zu versorgen.<\/p>\n<p><span style=\"color: #3366ff;\"><strong><span style=\"color: #0000ff;\">2020 <\/span><\/strong><span style=\"color: #000000;\">Willkommen Corona und der Beginn einer l\u00e4ngst vergessenen dunklen Zeit <\/span><span style=\"color: #000000;\">der Verfolgung und Unterdr\u00fcckung durch Staat, Kirche und Medien.<\/span><\/span><\/p>\n<p><strong><span style=\"color: #0000ff;\">2020 <\/span><\/strong><span style=\"color: #0000ff;\"><span style=\"color: #000000;\">Der zwangsweise Beginn der Einarbeitung in eine neue Technik und<\/span><\/span><span style=\"color: #0000ff;\"><br \/><\/span><span style=\"color: #0000ff;\"><span style=\"color: #000000;\">der Bau von 2 komplett getrennten Soalranlagen im Inselbetrieb und als prim\u00e4re Stromversorgung eines Hauses, der Gratenaufbauten und eines E-Autos.<\/span><\/span> <strong><span style=\"color: #0000ff;\"><br \/><\/span><\/strong><\/p>\n<p><strong><span style=\"color: #0000ff;\">2021-2025 <br \/><\/span><\/strong><span style=\"color: #000000;\">Technische Unterst\u00fctzung einer Gro\u00dfbaustelle f\u00fcr 46 Wohneinheiten in K\u00f6ln-Wahnheide. <br \/>Absicherung der Baustelle durch Kameras, Licht und Sensoren.\u00a0<\/span> <br \/>Betreiben der ganzen IT Infrastruktur f\u00fcr Server und Arbeitspl\u00e4tzen.<br \/>Beratung des Bauherrn in allen technischen Bereichen und Ausarbeitung von sp\u00e4ter ben\u00f6tigten Techniken und Anschl\u00fcssen. <br \/>Unterst\u00fctzung der Handwerker bei technischen Problemen und Fragen.<br \/>Erstinbetriebnahme und Update der modernen Pelletheizung.<br \/>Planung, Installation und Konfiguration der Sicherheits\u00fcberwachung der Tiefgarage f\u00fcr ein sicheres Wohngef\u00fchl.<br \/>\u00dcberwachung der verbauten Techniken im 24\/7 Support und dies alles ohne l\u00e4ngere Ausf\u00e4lle vom Rohbau bis zur Fertigstellung.<\/p>","protected":false},"excerpt":{"rendered":"Die Firmengeschichte der Firma CompiCom begann 1991 als Nebengewerbe Zur damaligen Zeit bestand das Kerngeschaeft im Vertrieb und der Installation von Telekommunikationsger\u00e4ten. Zu dieser Zeit kamen die ersten ISDN Leitungen auf den Markt und er\u00f6ffneten dem Kunden eine ganz neue Art der Telefonie.Die beliebtesten Ger\u00e4te zu dieser Zeit waren dann unter anderem auch die Kombifax-Ger\u00e4te und darunter die Ger\u00e4te der Firma Panasonic. Tel, Fax und AB in einem und das ohne besondere Weiche. Meine Kunden waren begeistert von diesen M\u00f6glichkeiten. Auch die ersten ISDN Anlagen und Telefone kamen auf den Markt und erm\u00f6glichten dem Kunden das Sehen einer Rufnummer bei einem ankommenden Anruf. Es war der Beginn von dem, was heute f\u00fcr alle selbstverst\u00e4ndlich ist.Wir kennen heute sogar noch einen Kunden, bei dem eins von diesen Kombifax-Ger\u00e4ten l\u00e4uft! Und dies nun schon seit 22 Jahren!!! Nur die Beschaffung der Termorollen ist etwas schwierig geworden, aber nicht unm\u00f6glich! 1994 haben wir dann damit begonnen nur noch ISDN Anlagen der Firma AGFEO&nbsp;<a href=\"https:\/\/compicom.cologne\/?page_id=220\" class=\"read-more\">Continue Reading<\/a>","protected":false},"author":1,"featured_media":0,"parent":5,"menu_order":0,"comment_status":"open","ping_status":"closed","template":"","meta":{"footnotes":""},"class_list":["post-220","page","type-page","status-publish","hentry"],"yoast_head":"<!-- This site is optimized with the Yoast SEO plugin v14.5 - https:\/\/yoast.com\/wordpress\/plugins\/seo\/ -->\n<meta name=\"robots\" content=\"index, follow\" \/>\n<meta name=\"googlebot\" content=\"index, follow, max-snippet:-1, max-image-preview:large, max-video-preview:-1\" \/>\n<meta name=\"bingbot\" content=\"index, follow, max-snippet:-1, max-image-preview:large, max-video-preview:-1\" \/>\n<link rel=\"canonical\" href=\"https:\/\/compicom.cologne\/?page_id=220\" \/>\n<meta property=\"og:locale\" content=\"de_DE\" \/>\n<meta property=\"og:type\" content=\"article\" \/>\n<meta property=\"og:title\" content=\"Unsere Firmengeschichte ab 1991 - TK - IT Profis\" \/>\n<meta property=\"og:description\" content=\"Die Firmengeschichte der Firma CompiCom begann 1991 als Nebengewerbe Zur damaligen Zeit bestand das Kerngeschaeft im Vertrieb und der Installation von Telekommunikationsger\u00e4ten. Zu dieser Zeit kamen die ersten ISDN Leitungen auf den Markt und er\u00f6ffneten dem Kunden eine ganz neue Art der Telefonie.Die beliebtesten Ger\u00e4te zu dieser Zeit waren dann unter anderem auch die Kombifax-Ger\u00e4te und darunter die Ger\u00e4te der Firma Panasonic. Tel, Fax und AB in einem und das ohne besondere Weiche. Meine Kunden waren begeistert von diesen M\u00f6glichkeiten. Auch die ersten ISDN Anlagen und Telefone kamen auf den Markt und erm\u00f6glichten dem Kunden das Sehen einer Rufnummer bei einem ankommenden Anruf. Es war der Beginn von dem, was heute f\u00fcr alle selbstverst\u00e4ndlich ist.Wir kennen heute sogar noch einen Kunden, bei dem eins von diesen Kombifax-Ger\u00e4ten l\u00e4uft! Und dies nun schon seit 22 Jahren!!! Nur die Beschaffung der Termorollen ist etwas schwierig geworden, aber nicht unm\u00f6glich! 1994 haben wir dann damit begonnen nur noch ISDN Anlagen der Firma AGFEO&nbsp;Continue Reading\" \/>\n<meta property=\"og:url\" content=\"https:\/\/compicom.cologne\/?page_id=220\" \/>\n<meta property=\"og:site_name\" content=\"TK - IT Profis\" \/>\n<meta property=\"article:modified_time\" content=\"2025-01-31T16:24:00+00:00\" \/>\n<meta name=\"twitter:card\" content=\"summary\" \/>\n<script type=\"application\/ld+json\" class=\"yoast-schema-graph\">{\"@context\":\"https:\/\/schema.org\",\"@graph\":[{\"@type\":\"WebSite\",\"@id\":\"https:\/\/compicom.cologne\/#website\",\"url\":\"https:\/\/compicom.cologne\/\",\"name\":\"TK - IT Profis\",\"description\":\"Telekommunikations-, Informations-, Sicherheits- und moderne Haustechnik aus einer Hand\",\"potentialAction\":[{\"@type\":\"SearchAction\",\"target\":\"https:\/\/compicom.cologne\/?s={search_term_string}\",\"query-input\":\"required name=search_term_string\"}],\"inLanguage\":\"de\"},{\"@type\":\"WebPage\",\"@id\":\"https:\/\/compicom.cologne\/?page_id=220#webpage\",\"url\":\"https:\/\/compicom.cologne\/?page_id=220\",\"name\":\"Unsere Firmengeschichte ab 1991 - TK - IT Profis\",\"isPartOf\":{\"@id\":\"https:\/\/compicom.cologne\/#website\"},\"datePublished\":\"2012-01-18T17:03:20+00:00\",\"dateModified\":\"2025-01-31T16:24:00+00:00\",\"inLanguage\":\"de\",\"potentialAction\":[{\"@type\":\"ReadAction\",\"target\":[\"https:\/\/compicom.cologne\/?page_id=220\"]}]}]}<\/script>\n<!-- \/ Yoast SEO plugin. -->","_links":{"self":[{"href":"https:\/\/compicom.cologne\/index.php?rest_route=\/wp\/v2\/pages\/220","targetHints":{"allow":["GET"]}}],"collection":[{"href":"https:\/\/compicom.cologne\/index.php?rest_route=\/wp\/v2\/pages"}],"about":[{"href":"https:\/\/compicom.cologne\/index.php?rest_route=\/wp\/v2\/types\/page"}],"author":[{"embeddable":true,"href":"https:\/\/compicom.cologne\/index.php?rest_route=\/wp\/v2\/users\/1"}],"replies":[{"embeddable":true,"href":"https:\/\/compicom.cologne\/index.php?rest_route=%2Fwp%2Fv2%2Fcomments&post=220"}],"version-history":[{"count":41,"href":"https:\/\/compicom.cologne\/index.php?rest_route=\/wp\/v2\/pages\/220\/revisions"}],"predecessor-version":[{"id":760,"href":"https:\/\/compicom.cologne\/index.php?rest_route=\/wp\/v2\/pages\/220\/revisions\/760"}],"up":[{"embeddable":true,"href":"https:\/\/compicom.cologne\/index.php?rest_route=\/wp\/v2\/pages\/5"}],"wp:attachment":[{"href":"https:\/\/compicom.cologne\/index.php?rest_route=%2Fwp%2Fv2%2Fmedia&parent=220"}],"curies":[{"name":"wp","href":"https:\/\/api.w.org\/{rel}","templated":true}]}}